{"id":390,"date":"2015-05-18T11:24:57","date_gmt":"2015-05-18T11:24:57","guid":{"rendered":"http:\/\/www.sbcconsulting.it\/?page_id=390"},"modified":"2020-01-13T13:26:49","modified_gmt":"2020-01-13T13:26:49","slug":"cookie-policy","status":"publish","type":"page","link":"https:\/\/www.sbcconsulting.it\/index.php\/cookie-policy\/","title":{"rendered":"Cookie Policy"},"content":{"rendered":"<h3>Informativa nel rispetto dell&#8217;art. 13 del Codice della privacy (D.Lgs n. 196\/2003)<\/h3>\n<p>Questa informativa sull\u2019utilizzo dei cookie sul sito web www.sbcconsulting.it, in seguito il \u201cSito\u201d, visibile mediante link in calce in tutte le pagine del Sito stesso, \u00e8 resa all\u2019utente in attuazione del provvedimento del Garante per la protezione dei dati personali dell\u20198 maggio 2014 \u201cIndividuazione delle modalit\u00e0 semplificate per l\u2019informativa e l\u2019acquisizione del consenso per l\u2019uso dei cookie\u201d e nel rispetto dell\u2019art. 13 del Codice privacy (D.Lgs. n. 196\/2003).<\/p>\n<h3>Utilizzo dei Cookies<\/h3>\n<p>Il Sito utilizza i Cookie per rendere i propri servizi semplici e efficienti per l\u2019utenza che visiona le pagine del Sito stesso.<br \/>\nGli utenti che visionano il Sito, vedranno inserite delle quantit\u00e0 minime di informazioni nei dispositivi in uso, che siano computer e periferiche mobili, in piccoli file di testo denominati \u201ccookie\u201d salvati nelle directory utilizzate dal browser web dell\u2019Utente.<br \/>\nVi sono vari tipi di cookie, alcuni per rendere pi\u00f9 efficace l\u2019uso del Sito, altri per abilitare determinate funzionalit\u00e0.<\/p>\n<p>Analizzandoli in maniera particolareggiata i cookie permettono di:<\/p>\n<p>&#8211; memorizzare le preferenze inserite.<br \/>\n&#8211; evitare di reinserire le stesse informazioni pi\u00f9 volte durante la visita quali ad esempio nome utente e password.<br \/>\n&#8211; analizzare l\u2019utilizzo dei servizi e dei contenuti forniti da un Sito per ottimizzarne l\u2019esperienza di navigazione e i servizi offerti.<\/p>\n<h3>Tipologie generiche di Cookie<\/h3>\n<p><b>Cookie Tecnici<\/b><br \/>\nQuesta tipologia di cookie permette il corretto funzionamento di alcune sezioni di un sito. Possono essere persistenti o di sessione:<\/p>\n<p>&#8211; persistenti: una volta chiuso il browser non vengono distrutti ma rimangono fino ad una data di scadenza preimpostata.<br \/>\n&#8211; di sessione: vengono distrutti ogni volta che il browser viene chiuso.<\/p>\n<p><b>Cookie Analitici<\/b><br \/>\nI cookie in questa categoria vengono utilizzati per collezionare informazioni sull\u2019uso di un sito. Un sito user\u00e0 queste informazioni in merito ad analisi statistiche anonime al fine di migliorare l\u2019utilizzo del sito stesso e per rendere i contenuti pi\u00f9 interessanti e attinenti ai desideri dell\u2019utenza. Questa tipologia di cookie raccoglie dati in forma anonima sull\u2019attivit\u00e0 dell\u2019utenza e su come \u00e8 arrivata sul sito. I cookie analitici sono inviati dal sito stesso o da domini di terze parti.<\/p>\n<p><b>Cookie di analisi di servizi di terze parti<\/b><br \/>\nQuesti cookie sono utilizzati al fine di raccogliere informazioni sull\u2019uso del sito da parte degli utenti in forma anonima quali: pagine visitate, tempo di permanenza, origini del traffico di provenienza, provenienza geografica, et\u00e0, genere e interessi ai fini di campagne di marketing. Questi cookie sono inviati da domini di terze parti esterni al sito.<\/p>\n<p><b>Cookie per integrare prodotti e funzioni di software di terze parti<\/b><br \/>\nQuesta tipologia di cookie integra funzionalit\u00e0 sviluppate da terzi all\u2019interno delle pagine del Sito come le icone e le preferenze espresse nei social network al fine di condivisione dei contenuti del sito o per l\u2019uso di servizi software di terze parti (come i software per generare le mappe e ulteriori software che offrono servizi aggiuntivi). Questi cookie sono inviati da domini di terze parti e da siti partner che offrono le loro funzionalit\u00e0 tra le pagine del Sito.<\/p>\n<p><b>Cookie di profilazione<\/b><br \/>\nQuesta tipologia di cookie pu\u00f2 invece essere utilizzata per monitorare e profilare gli utenti durante la navigazione, studiare i loro movimenti e abitudini di consultazione del web o di consumo (cosa comprano, cosa leggono, ecc.), anche allo scopo di inviare pubblicit\u00e0 di servizi mirati e personalizzati.<\/p>\n<h3>Tipologie di Cookie utilizzati dal Sito<\/h3>\n<p>Il Sito <b>non utilizza cookie di profilazione<\/b>. Il Sito utilizza eventuali cookie tecnici persistenti e di sessione per permettere il corretto funzionamento di alcune sezioni del Sito stesso. Il Sito utilizza cookie analitici per raccogliere dati in forma anonima sull\u2019attivit\u00e0 dell\u2019utenza e su come \u00e8 arrivata sul sito, quali pagine visitate, tempo di permanenza, origini del traffico di provenienza, provenienza geografica, et\u00e0, genere e interessi ai fini di campagne di marketing. I cookie analitici sono inviati da domini di terze parti. Il Sito utilizza cookie per integrare prodotti e funzioni di software di terze parti all\u2019interno delle pagine del Sito come le icone e le preferenze espresse nei social network al fine di condivisione dei contenuti del sito o per l\u2019uso di servizi software di terze parti (come i software per generare le mappe e ulteriori software che offrono servizi aggiuntivi). Questi cookie sono inviati da domini di terze parti e da siti partner che offrono le loro funzionalit\u00e0 tra le pagine del Sito, ed \u00e8 disponibile in questa informativa il collegamento alle informative dei singoli servizi utilizzati.<\/p>\n<p>Tutti questi cookie sono necessari a visualizzare correttamente il sito e in relazione ai servizi tecnici offerti, verranno quindi sempre utilizzati e inviati, a meno che l\u2019utenza non modifichi le impostazioni nel proprio browser (inficiando eventualmente cos\u00ec la visualizzazione delle pagine del sito).<\/p>\n<p>Il Sito potrebbe inoltre contenere collegamenti ad altri siti Web che dispongono di una propria informativa sulla privacy che pu\u00f2 essere diverse da quella adottata dal Sito e che che quindi non risponde di questi siti.<\/p>\n<p>L&#8217;utente \u00e8 avvisato delle policy sull&#8217;utilizzo dei cookie su questo Sito appena accede ad una qualunque delle sue pagine. L&#8217;utente ha la facolt\u00e0 di negare il consenso alla memorizzazione dei cookie da parte del nostro Sito con una o pi\u00f9 di una delle seguenti modalit\u00e0:<\/p>\n<p>&#8211; Mediante specifiche configurazioni del browser utilizzato o dei relativi programmi informatici utilizzati per navigare le pagine che compongono il Sito.<br \/>\n&#8211; Mediante modifica delle impostazioni nell\u2019uso dei servizi di terze parti.<\/p>\n<p>Entrambe queste soluzioni potrebbero impedire all\u2019utente di utilizzare o visualizzare parti del Sito.<\/p>\n<p><b>Dettaglio cookies utilizzati:<\/b><\/p>\n<p>&#8211; PHPSESSID: Cookie nativo di PHP e consente ai siti Web di memorizzare dati sullo stato della serializzazione. Nel sito Web viene utilizzato per stabilire una sessione utente e comunicare i dati sullo stato attraverso un cookie temporaneo, chiamato cookie di sessione, che scompare quando si chiude il client.<br \/>\n&#8211; _ga e _gat: Strumenti di analisi di Google (Google Analytics) che aiutano i proprietari di siti web e app a capire come i visitatori interagiscono con i contenuti di loro propriet\u00e0. Il primo ha un tempo di vita di 2 anni, il secondo di pochi minuti.<br \/>\n&#8211; cookie_notice_accepted: Ricorda la preferenza dell\u2019utente di accettare o meno la nostra cookie policy. Il suo tempo di vita \u00e8 di un mese.<br \/>\n&#8211; wordpress_test_cookie: Serve per verificare se il browser in uso \u00e8 in grado di utilizzare o meno i cookie.<br \/>\n&#8211; APISID, SAPISID, HSID, NID, PREF, SID, SSID: Utilizzati da Google Maps per personalizzare l\u2019esperienza utente sulle loro mappe.<\/p>\n<h3>I nostri partners e i fornitori di servizi terzi che utilizzano cookie<\/h3>\n<p>Per i cookie di terze parti utilizzati si rimanda alle seguenti informative:<\/p>\n<p><b>GOOGLE ANALYTICS<\/b><br \/>\nGoogle Analytics utilizza i Cookie, con il solo scopo di analizzare il comportamento degli utenti e l\u2019utilizzo del nostro Sito e per creare cos\u00ec dei report statistici che ci consentono di correggere eventuali errori di gestione e offrire un servizio migliore.<br \/>\nI Cookie inviati e salvati sul tuo Browser in questo caso sono :<br \/>\n2 Cookie: _ga, _gat;<br \/>\nInformativa sulla privacy di Google Analytics: <a href=\"https:\/\/www.google.com\/analytics\/learn\/privacy.html?hl=it\">https:\/\/www.google.com\/analytics\/learn\/privacy.html?hl=it<\/a><\/p>\n<p><b>GOOGLE MAPS<\/b><br \/>\nUtilizzati da Google Maps per personalizzare l\u2019esperienza utente sulle loro mappe.<br \/>\nInformativa sulla privacy di Google: <a href=\"https:\/\/www.google.com\/intl\/it\/policies\/privacy\/\">https:\/\/www.google.com\/intl\/it\/policies\/privacy\/<\/a><br \/>\nDisattivazione dei cookie: <a href=\"http:\/\/www.google.com\/ads\/preferences\/?hl=it\">http:\/\/www.google.com\/ads\/preferences\/?hl=it<\/a><br \/>\n7 Cookie : APISID, SAPISID, HSID, NID, PREF, SID, SSID;<\/p>\n<h3>Come disabilitare l&#8217;invio dei cookie nel browser<\/h3>\n<p>L&#8217;utente ha la facolt\u00e0 di <b>rifiutare l&#8217;invio di tutti i cookie di questo sito<\/b> disabilitandone la ricezione sul proprio browser.<\/p>\n<p><b>Chrome<\/b><\/p>\n<p>Eseguire il Browser Chrome<br \/>\nFare click sul men\u00f9 presente nella barra degli strumenti del browser a fianco della finestra di inserimento url per la navigazione<br \/>\nSelezionare Impostazioni<br \/>\nFare clic su Mostra Impostazioni Avanzate<br \/>\nNella sezione \u201cPrivacy\u201d fare clic su bottone \u201cImpostazioni contenuti\u201c<br \/>\nNella sezione \u201cCookie\u201d \u00e8 possibile modificare le seguenti impostazioni relative ai cookie:<br \/>\nConsentire il salvataggio dei dati in locale<br \/>\nModificare i dati locali solo fino alla chiusura del browser<br \/>\nImpedire ai siti di impostare i cookie<br \/>\nBloccare i cookie di terze parti e i dati dei siti<br \/>\nGestire le eccezioni per alcuni siti internet<br \/>\nEliminazione di uno o tutti i cookie<br \/>\nPer maggiori informazioni visita la pagina dedicata.<\/p>\n<p><b>Mozilla Firefox<\/b><\/p>\n<p>Eseguire il Browser Mozilla Firefox<br \/>\nFare click sul men\u00f9 presente nella barra degli strumenti del browser a fianco della finestra di inserimento url per la navigazione<br \/>\nSelezionare Opzioni<br \/>\nSeleziona il pannello Privacy<br \/>\nFare clic su Mostra Impostazioni Avanzate<br \/>\nNella sezione \u201cPrivacy\u201d fare clic su bottone \u201cImpostazioni contenuti\u201c<br \/>\nNella sezione \u201cTracciamento\u201d \u00e8 possibile modificare le seguenti impostazioni relative ai cookie:<br \/>\nRichiedi ai siti di non effettuare alcun tracciamento<br \/>\nComunica ai siti la disponibilit\u00e0 ad essere tracciato<br \/>\nNon comunicare alcuna preferenza relativa al tracciamento dei dati personali<br \/>\nDalla sezione \u201cCronologia\u201d \u00e8 possibile:<br \/>\nAbilitando \u201cUtilizza impostazioni personalizzate\u201d selezionare di accettare i cookie di terze parti (sempre, dai siti pi\u00f9 visitato o mai) e di conservarli per un periodo determinato (fino alla loro scadenza, alla chiusura di Firefox o di chiedere ogni volta)<br \/>\nRimuovere i singoli cookie immagazzinati<br \/>\nPer maggiori informazioni visita la pagina dedicata.<\/p>\n<p><b>Internet Explorer<\/b><\/p>\n<p>Eseguire il Browser Internet Explorer<br \/>\nFare click sul pulsante Strumenti e scegliere Opzioni Internet<br \/>\nFare click sulla scheda Privacy e nella sezione Impostazioni modificare il dispositivo di scorrimento in funzione dell\u2019azione desiderata per i cookie:<br \/>\nBloccare tutti i cookie<br \/>\nConsentire tutti i cookie<br \/>\nSelezione dei siti da cui ottenere cookie: spostare il cursore in una posizione intermedia in modo da non bloccare o consentire tutti i cookie, premere quindi su Siti, nella casella Indirizzo Sito Web inserire un sito internet e quindi premere su Blocca o Consenti<br \/>\nPer maggiori informazioni visita la pagina dedicata.<\/p>\n<p><b>Safari 6<\/b><\/p>\n<p>Eseguire il Browser Safari<br \/>\nFare click su Safari, selezionare Preferenze e premere su Privacy<br \/>\nNella sezione Blocca Cookie specificare come Safari deve accettare i cookie dai siti internet.<br \/>\nPer visionare quali siti hanno immagazzinato i cookie cliccare su Dettagli<br \/>\nPer maggiori informazioni visita la pagina dedicata.<\/p>\n<p><b>Safari iOS (dispositivi mobile)<\/b><\/p>\n<p>Eseguire il Browser Safari iOS<br \/>\nTocca su Impostazioni e poi Safari<br \/>\nTocca su Blocca Cookie e scegli tra le varie opzioni: \u201cMai\u201d, \u201cDi terze parti e inserzionisti\u201d o \u201cSempre\u201d<br \/>\nPer cancellare tutti i cookie immagazzinati da Safari, tocca su Impostazioni, poi su Safari e infine su Cancella Cookie e dati<br \/>\nPer maggiori informazioni visita la pagina dedicata.<\/p>\n<p><b>Opera<\/b><\/p>\n<p>Eseguire il Browser Opera<br \/>\nFare click sul Preferenze poi su Avanzate e infine su Cookie<br \/>\nSelezionare una delle seguenti opzioni:<br \/>\nAccetta tutti i cookie<br \/>\nAccetta i cookie solo dal sito che si visita: i cookie di terze parti e che vengono inviati da un dominio diverso da quello che si sta visitando verranno rifiutati<br \/>\nNon accettare mai i cookie: tutti i cookie non verranno mai salvati<br \/>\nPer maggiori informazioni visita la pagina dedicata.<\/p>\n","protected":false},"excerpt":{"rendered":"<p>Informativa nel rispetto dell&#8217;art. 13 del Codice della privacy (D.Lgs n. 196\/2003) Questa informativa sull\u2019utilizzo dei cookie sul sito web www.sbcconsulting.it, in seguito il \u201cSito\u201d, visibile mediante link in calce in tutte le pagine del Sito stesso, \u00e8 resa all\u2019utente in attuazione del provvedimento del Garante per la protezione dei dati personali dell\u20198 maggio 2014 [&hellip;]<\/p>\n","protected":false},"author":1,"featured_media":0,"parent":0,"menu_order":0,"comment_status":"closed","ping_status":"closed","template":"","meta":{"footnotes":""},"class_list":["post-390","page","type-page","status-publish","hentry"],"yoast_head":"<!-- This site is optimized with the Yoast SEO plugin v24.5 - https:\/\/yoast.com\/wordpress\/plugins\/seo\/ -->\n<title>Cookie Policy - SBC Consulting<\/title>\n<meta name=\"robots\" content=\"index, follow, max-snippet:-1, max-image-preview:large, max-video-preview:-1\" \/>\n<link rel=\"canonical\" href=\"https:\/\/www.sbcconsulting.it\/index.php\/cookie-policy\/\" \/>\n<meta property=\"og:locale\" content=\"it_IT\" \/>\n<meta property=\"og:type\" content=\"article\" \/>\n<meta property=\"og:title\" content=\"Cookie Policy - SBC Consulting\" \/>\n<meta property=\"og:description\" content=\"Informativa nel rispetto dell&#8217;art. 13 del Codice della privacy (D.Lgs n. 196\/2003) Questa informativa sull\u2019utilizzo dei cookie sul sito web www.sbcconsulting.it, in seguito il \u201cSito\u201d, visibile mediante link in calce in tutte le pagine del Sito stesso, \u00e8 resa all\u2019utente in attuazione del provvedimento del Garante per la protezione dei dati personali dell\u20198 maggio 2014 [&hellip;]\" \/>\n<meta property=\"og:url\" content=\"https:\/\/www.sbcconsulting.it\/index.php\/cookie-policy\/\" \/>\n<meta property=\"og:site_name\" content=\"SBC Consulting\" \/>\n<meta property=\"article:modified_time\" content=\"2020-01-13T13:26:49+00:00\" \/>\n<meta name=\"twitter:label1\" content=\"Tempo di lettura stimato\" \/>\n\t<meta name=\"twitter:data1\" content=\"9 minuti\" \/>\n<script type=\"application\/ld+json\" class=\"yoast-schema-graph\">{\"@context\":\"https:\/\/schema.org\",\"@graph\":[{\"@type\":\"WebPage\",\"@id\":\"https:\/\/www.sbcconsulting.it\/index.php\/cookie-policy\/\",\"url\":\"https:\/\/www.sbcconsulting.it\/index.php\/cookie-policy\/\",\"name\":\"Cookie Policy - SBC Consulting\",\"isPartOf\":{\"@id\":\"https:\/\/www.sbcconsulting.it\/#website\"},\"datePublished\":\"2015-05-18T11:24:57+00:00\",\"dateModified\":\"2020-01-13T13:26:49+00:00\",\"breadcrumb\":{\"@id\":\"https:\/\/www.sbcconsulting.it\/index.php\/cookie-policy\/#breadcrumb\"},\"inLanguage\":\"it-IT\",\"potentialAction\":[{\"@type\":\"ReadAction\",\"target\":[\"https:\/\/www.sbcconsulting.it\/index.php\/cookie-policy\/\"]}]},{\"@type\":\"BreadcrumbList\",\"@id\":\"https:\/\/www.sbcconsulting.it\/index.php\/cookie-policy\/#breadcrumb\",\"itemListElement\":[{\"@type\":\"ListItem\",\"position\":1,\"name\":\"Home\",\"item\":\"https:\/\/www.sbcconsulting.it\/\"},{\"@type\":\"ListItem\",\"position\":2,\"name\":\"Cookie Policy\"}]},{\"@type\":\"WebSite\",\"@id\":\"https:\/\/www.sbcconsulting.it\/#website\",\"url\":\"https:\/\/www.sbcconsulting.it\/\",\"name\":\"SBC Consulting\",\"description\":\"Societ\u00e0 di ingegneria per grandi infrastrutture e territorio\",\"potentialAction\":[{\"@type\":\"SearchAction\",\"target\":{\"@type\":\"EntryPoint\",\"urlTemplate\":\"https:\/\/www.sbcconsulting.it\/?s={search_term_string}\"},\"query-input\":{\"@type\":\"PropertyValueSpecification\",\"valueRequired\":true,\"valueName\":\"search_term_string\"}}],\"inLanguage\":\"it-IT\"}]}<\/script>\n<!-- \/ Yoast SEO plugin. -->","yoast_head_json":{"title":"Cookie Policy - SBC Consulting","robots":{"index":"index","follow":"follow","max-snippet":"max-snippet:-1","max-image-preview":"max-image-preview:large","max-video-preview":"max-video-preview:-1"},"canonical":"https:\/\/www.sbcconsulting.it\/index.php\/cookie-policy\/","og_locale":"it_IT","og_type":"article","og_title":"Cookie Policy - SBC Consulting","og_description":"Informativa nel rispetto dell&#8217;art. 13 del Codice della privacy (D.Lgs n. 196\/2003) Questa informativa sull\u2019utilizzo dei cookie sul sito web www.sbcconsulting.it, in seguito il \u201cSito\u201d, visibile mediante link in calce in tutte le pagine del Sito stesso, \u00e8 resa all\u2019utente in attuazione del provvedimento del Garante per la protezione dei dati personali dell\u20198 maggio 2014 [&hellip;]","og_url":"https:\/\/www.sbcconsulting.it\/index.php\/cookie-policy\/","og_site_name":"SBC Consulting","article_modified_time":"2020-01-13T13:26:49+00:00","twitter_misc":{"Tempo di lettura stimato":"9 minuti"},"schema":{"@context":"https:\/\/schema.org","@graph":[{"@type":"WebPage","@id":"https:\/\/www.sbcconsulting.it\/index.php\/cookie-policy\/","url":"https:\/\/www.sbcconsulting.it\/index.php\/cookie-policy\/","name":"Cookie Policy - SBC Consulting","isPartOf":{"@id":"https:\/\/www.sbcconsulting.it\/#website"},"datePublished":"2015-05-18T11:24:57+00:00","dateModified":"2020-01-13T13:26:49+00:00","breadcrumb":{"@id":"https:\/\/www.sbcconsulting.it\/index.php\/cookie-policy\/#breadcrumb"},"inLanguage":"it-IT","potentialAction":[{"@type":"ReadAction","target":["https:\/\/www.sbcconsulting.it\/index.php\/cookie-policy\/"]}]},{"@type":"BreadcrumbList","@id":"https:\/\/www.sbcconsulting.it\/index.php\/cookie-policy\/#breadcrumb","itemListElement":[{"@type":"ListItem","position":1,"name":"Home","item":"https:\/\/www.sbcconsulting.it\/"},{"@type":"ListItem","position":2,"name":"Cookie Policy"}]},{"@type":"WebSite","@id":"https:\/\/www.sbcconsulting.it\/#website","url":"https:\/\/www.sbcconsulting.it\/","name":"SBC Consulting","description":"Societ\u00e0 di ingegneria per grandi infrastrutture e territorio","potentialAction":[{"@type":"SearchAction","target":{"@type":"EntryPoint","urlTemplate":"https:\/\/www.sbcconsulting.it\/?s={search_term_string}"},"query-input":{"@type":"PropertyValueSpecification","valueRequired":true,"valueName":"search_term_string"}}],"inLanguage":"it-IT"}]}},"_links":{"self":[{"href":"https:\/\/www.sbcconsulting.it\/index.php\/wp-json\/wp\/v2\/pages\/390"}],"collection":[{"href":"https:\/\/www.sbcconsulting.it\/index.php\/wp-json\/wp\/v2\/pages"}],"about":[{"href":"https:\/\/www.sbcconsulting.it\/index.php\/wp-json\/wp\/v2\/types\/page"}],"author":[{"embeddable":true,"href":"https:\/\/www.sbcconsulting.it\/index.php\/wp-json\/wp\/v2\/users\/1"}],"replies":[{"embeddable":true,"href":"https:\/\/www.sbcconsulting.it\/index.php\/wp-json\/wp\/v2\/comments?post=390"}],"version-history":[{"count":2,"href":"https:\/\/www.sbcconsulting.it\/index.php\/wp-json\/wp\/v2\/pages\/390\/revisions"}],"predecessor-version":[{"id":414,"href":"https:\/\/www.sbcconsulting.it\/index.php\/wp-json\/wp\/v2\/pages\/390\/revisions\/414"}],"wp:attachment":[{"href":"https:\/\/www.sbcconsulting.it\/index.php\/wp-json\/wp\/v2\/media?parent=390"}],"curies":[{"name":"wp","href":"https:\/\/api.w.org\/{rel}","templated":true}]}}